{"id":191,"date":"2024-04-29T12:49:24","date_gmt":"2024-04-29T12:49:24","guid":{"rendered":"https:\/\/falkenbarnsrevyn.se\/?page_id=191"},"modified":"2024-10-14T06:20:38","modified_gmt":"2024-10-14T06:20:38","slug":"falkenbarnsrevyn","status":"publish","type":"page","link":"https:\/\/falkenbarnsrevyn.se\/","title":{"rendered":"FALKENBARNSREVYN"},"content":{"rendered":"\t\t<div data-elementor-type=\"wp-page\" data-elementor-id=\"191\" class=\"elementor elementor-191\">\n\t\t\t\t<div class=\"elementor-element elementor-element-de0da6e e-con-full e-flex e-con e-parent\" data-id=\"de0da6e\" data-element_type=\"container\">\n\t\t\t\t<div class=\"elementor-element elementor-element-0266dd5 elementor-invisible elementor-widget elementor-widget-image\" data-id=\"0266dd5\" data-element_type=\"widget\" data-settings=\"{&quot;_animation&quot;:&quot;tada&quot;}\" data-widget_type=\"image.default\">\n\t\t\t\t<div class=\"elementor-widget-container\">\n\t\t\t<style>\/*! elementor - v3.21.0 - 08-05-2024 *\/\n.elementor-widget-image{text-align:center}.elementor-widget-image a{display:inline-block}.elementor-widget-image a img[src$=\".svg\"]{width:48px}.elementor-widget-image img{vertical-align:middle;display:inline-block}<\/style>\t\t\t\t\t\t\t\t\t\t\t<a href=\"https:\/\/secure.tickster.com\/sv\/r77l5v734yg7mw4\/selectevent\">\n\t\t\t\t\t\t\t<img fetchpriority=\"high\" decoding=\"async\" width=\"2151\" height=\"845\" src=\"https:\/\/falkenbarnsrevyn.se\/wp-content\/uploads\/2024\/08\/Head-premiar.VER-2.jpg\" class=\"attachment-full size-full wp-image-525\" alt=\"\" srcset=\"https:\/\/falkenbarnsrevyn.se\/wp-content\/uploads\/2024\/08\/Head-premiar.VER-2.jpg 2151w, https:\/\/falkenbarnsrevyn.se\/wp-content\/uploads\/2024\/08\/Head-premiar.VER-2-300x118.jpg 300w, https:\/\/falkenbarnsrevyn.se\/wp-content\/uploads\/2024\/08\/Head-premiar.VER-2-1024x402.jpg 1024w, https:\/\/falkenbarnsrevyn.se\/wp-content\/uploads\/2024\/08\/Head-premiar.VER-2-768x302.jpg 768w, https:\/\/falkenbarnsrevyn.se\/wp-content\/uploads\/2024\/08\/Head-premiar.VER-2-1536x603.jpg 1536w, https:\/\/falkenbarnsrevyn.se\/wp-content\/uploads\/2024\/08\/Head-premiar.VER-2-2048x805.jpg 2048w\" sizes=\"(max-width: 2151px) 100vw, 2151px\" \/>\t\t\t\t\t\t\t\t<\/a>\n\t\t\t\t\t\t\t\t\t\t\t\t\t<\/div>\n\t\t\t\t<\/div>\n\t\t\t\t<\/div>\n\t\t<div class=\"elementor-element elementor-element-d3f97f8 e-flex e-con-boxed e-con e-parent\" data-id=\"d3f97f8\" data-element_type=\"container\">\n\t\t\t\t\t<div class=\"e-con-inner\">\n\t\t\t\t<div class=\"elementor-element elementor-element-6d0c5f4 elementor-widget elementor-widget-spacer\" data-id=\"6d0c5f4\" data-element_type=\"widget\" data-widget_type=\"spacer.default\">\n\t\t\t\t<div class=\"elementor-widget-container\">\n\t\t\t<style>\/*! elementor - v3.21.0 - 08-05-2024 *\/\n.elementor-column .elementor-spacer-inner{height:var(--spacer-size)}.e-con{--container-widget-width:100%}.e-con-inner>.elementor-widget-spacer,.e-con>.elementor-widget-spacer{width:var(--container-widget-width,var(--spacer-size));--align-self:var(--container-widget-align-self,initial);--flex-shrink:0}.e-con-inner>.elementor-widget-spacer>.elementor-widget-container,.e-con>.elementor-widget-spacer>.elementor-widget-container{height:100%;width:100%}.e-con-inner>.elementor-widget-spacer>.elementor-widget-container>.elementor-spacer,.e-con>.elementor-widget-spacer>.elementor-widget-container>.elementor-spacer{height:100%}.e-con-inner>.elementor-widget-spacer>.elementor-widget-container>.elementor-spacer>.elementor-spacer-inner,.e-con>.elementor-widget-spacer>.elementor-widget-container>.elementor-spacer>.elementor-spacer-inner{height:var(--container-widget-height,var(--spacer-size))}.e-con-inner>.elementor-widget-spacer.elementor-widget-empty,.e-con>.elementor-widget-spacer.elementor-widget-empty{position:relative;min-height:22px;min-width:22px}.e-con-inner>.elementor-widget-spacer.elementor-widget-empty .elementor-widget-empty-icon,.e-con>.elementor-widget-spacer.elementor-widget-empty .elementor-widget-empty-icon{position:absolute;top:0;bottom:0;left:0;right:0;margin:auto;padding:0;width:22px;height:22px}<\/style>\t\t<div class=\"elementor-spacer\">\n\t\t\t<div class=\"elementor-spacer-inner\"><\/div>\n\t\t<\/div>\n\t\t\t\t<\/div>\n\t\t\t\t<\/div>\n\t\t\t\t<div class=\"elementor-element elementor-element-1315a0b elementor-widget elementor-widget-heading\" data-id=\"1315a0b\" data-element_type=\"widget\" data-widget_type=\"heading.default\">\n\t\t\t\t<div class=\"elementor-widget-container\">\n\t\t\t<style>\/*! elementor - v3.21.0 - 08-05-2024 *\/\n.elementor-heading-title{padding:0;margin:0;line-height:1}.elementor-widget-heading .elementor-heading-title[class*=elementor-size-]>a{color:inherit;font-size:inherit;line-height:inherit}.elementor-widget-heading .elementor-heading-title.elementor-size-small{font-size:15px}.elementor-widget-heading .elementor-heading-title.elementor-size-medium{font-size:19px}.elementor-widget-heading .elementor-heading-title.elementor-size-large{font-size:29px}.elementor-widget-heading .elementor-heading-title.elementor-size-xl{font-size:39px}.elementor-widget-heading .elementor-heading-title.elementor-size-xxl{font-size:59px}<\/style><h2 class=\"elementor-heading-title elementor-size-default\">vi spelar barnrevy hela h\u00f6stlovet!<\/h2>\t\t<\/div>\n\t\t\t\t<\/div>\n\t\t\t\t<div class=\"elementor-element elementor-element-c3c6eb7 elementor-widget elementor-widget-text-editor\" data-id=\"c3c6eb7\" data-element_type=\"widget\" data-widget_type=\"text-editor.default\">\n\t\t\t\t<div class=\"elementor-widget-container\">\n\t\t\t<style>\/*! elementor - v3.21.0 - 08-05-2024 *\/\n.elementor-widget-text-editor.elementor-drop-cap-view-stacked .elementor-drop-cap{background-color:#69727d;color:#fff}.elementor-widget-text-editor.elementor-drop-cap-view-framed .elementor-drop-cap{color:#69727d;border:3px solid;background-color:transparent}.elementor-widget-text-editor:not(.elementor-drop-cap-view-default) .elementor-drop-cap{margin-top:8px}.elementor-widget-text-editor:not(.elementor-drop-cap-view-default) .elementor-drop-cap-letter{width:1em;height:1em}.elementor-widget-text-editor .elementor-drop-cap{float:left;text-align:center;line-height:1;font-size:50px}.elementor-widget-text-editor .elementor-drop-cap-letter{display:inline-block}<\/style>\t\t\t\t<p>\u00c4ntligen \u00e4r det dags att bjuda in de allra minsta till revyns underbara v\u00e4rld! Kom och upplev en helt nyskriven, skojig och musikalisk revy f\u00f6r barn i h\u00f6st med Anna &amp; Daniel och vid pianot Emelie.\u00a0Ta med dina barn eller barnbarn p\u00e5 en rolig timme p\u00e5 h\u00f6stlovet fylld av s\u00e5nger, humor och klurigheter som engagerar &#8211; barnsligt kul.<\/p><p>Genom ett samarbete med <strong>ICA Kvantum<\/strong> i Falkenberg har vi m\u00f6jlighet att erbjuda en hundring i rabatt till deras kunder till f\u00f6rest\u00e4llningarna den 26:e, 30:e, 31\/10 och 2\/11. <b>B\u00e4st platser<\/b>\u00a0finns det p\u00e5 <b>l\u00f6rdagarna den 26\/10 och 2\/11<\/b>. Biljetterna med ICA-rabatt s\u00e4ljs f\u00f6r\u00a0<strong>125 kronor\/st<\/strong>\u00a0och rabatten dras av n\u00e4r ni l\u00e4gger in rabattkoden som ni som<b>\u00a0ICA-kunder\u00a0<\/b>f\u00e5tt via mail<b>.<\/b>\u00a0Ni kan \u00e4ven ringa biljettkontoret dagtid p\u00e5 tel. 0346-170 49.\u00a0<\/p><p>Ni kan l\u00e4sa mer om barnrevyn och boka biljetter h\u00e4r p\u00e5 v\u00e5r hemsida. Alla i publiken beh\u00f6ver en biljett \u00e4ven de som sitter i kn\u00e4t.\u00a0<\/p><p>Revyns l\u00e4ngd: ca 1 timma\u00a0\u00a0\u00a0 Passande \u00e5lder: 5 \u2013 10 \u00e5r\u00a0 \u00a0 Ordinarie biljettpris: 225 kr\/st<br \/><em><br \/><\/em><em>Kunder till <strong>Falkenberg Sparbank<\/strong> har f\u00e5tt ett s\u00e4rskilt erbjudande till tisdag 29\/10 i Sparbanksappen eller via Internetbanken.<br \/><\/em><\/p>\t\t\t\t\t\t<\/div>\n\t\t\t\t<\/div>\n\t\t\t\t\t<\/div>\n\t\t\t\t<\/div>\n\t\t<div class=\"elementor-element elementor-element-e603308 e-flex e-con-boxed e-con e-parent\" data-id=\"e603308\" data-element_type=\"container\">\n\t\t\t\t\t<div class=\"e-con-inner\">\n\t\t\t\t<div class=\"elementor-element elementor-element-2506f15 elementor-widget elementor-widget-video\" data-id=\"2506f15\" data-element_type=\"widget\" data-settings=\"{&quot;youtube_url&quot;:&quot;https:\\\/\\\/youtu.be\\\/cIBCU1EaVs8&quot;,&quot;autoplay&quot;:&quot;yes&quot;,&quot;loop&quot;:&quot;yes&quot;,&quot;video_type&quot;:&quot;youtube&quot;}\" data-widget_type=\"video.default\">\n\t\t\t\t<div class=\"elementor-widget-container\">\n\t\t\t<style>\/*! elementor - v3.21.0 - 08-05-2024 *\/\n.elementor-widget-video .elementor-widget-container{overflow:hidden;transform:translateZ(0)}.elementor-widget-video .elementor-wrapper{aspect-ratio:var(--video-aspect-ratio)}.elementor-widget-video .elementor-wrapper iframe,.elementor-widget-video .elementor-wrapper video{height:100%;width:100%;display:flex;border:none;background-color:#000}@supports not (aspect-ratio:1\/1){.elementor-widget-video .elementor-wrapper{position:relative;overflow:hidden;height:0;padding-bottom:calc(100% \/ var(--video-aspect-ratio))}.elementor-widget-video .elementor-wrapper iframe,.elementor-widget-video .elementor-wrapper video{position:absolute;top:0;right:0;bottom:0;left:0}}.elementor-widget-video .elementor-open-inline .elementor-custom-embed-image-overlay{position:absolute;top:0;right:0;bottom:0;left:0;background-size:cover;background-position:50%}.elementor-widget-video .elementor-custom-embed-image-overlay{cursor:pointer;text-align:center}.elementor-widget-video .elementor-custom-embed-image-overlay:hover .elementor-custom-embed-play i{opacity:1}.elementor-widget-video .elementor-custom-embed-image-overlay img{display:block;width:100%;aspect-ratio:var(--video-aspect-ratio);-o-object-fit:cover;object-fit:cover;-o-object-position:center center;object-position:center center}@supports not (aspect-ratio:1\/1){.elementor-widget-video .elementor-custom-embed-image-overlay{position:relative;overflow:hidden;height:0;padding-bottom:calc(100% \/ var(--video-aspect-ratio))}.elementor-widget-video .elementor-custom-embed-image-overlay img{position:absolute;top:0;right:0;bottom:0;left:0}}.elementor-widget-video .e-hosted-video .elementor-video{-o-object-fit:cover;object-fit:cover}.e-con-inner>.elementor-widget-video,.e-con>.elementor-widget-video{width:var(--container-widget-width);--flex-grow:var(--container-widget-flex-grow)}<\/style>\t\t<div class=\"elementor-wrapper elementor-open-inline\">\n\t\t\t<div class=\"elementor-video\"><\/div>\t\t<\/div>\n\t\t\t\t<\/div>\n\t\t\t\t<\/div>\n\t\t\t\t<div class=\"elementor-element elementor-element-3c5742f elementor-widget elementor-widget-spacer\" data-id=\"3c5742f\" data-element_type=\"widget\" id=\"OMOSS\" data-widget_type=\"spacer.default\">\n\t\t\t\t<div class=\"elementor-widget-container\">\n\t\t\t\t\t<div class=\"elementor-spacer\">\n\t\t\t<div class=\"elementor-spacer-inner\"><\/div>\n\t\t<\/div>\n\t\t\t\t<\/div>\n\t\t\t\t<\/div>\n\t\t\t\t\t<\/div>\n\t\t\t\t<\/div>\n\t\t<div class=\"elementor-element elementor-element-c3a6378 e-flex e-con-boxed e-con e-parent\" data-id=\"c3a6378\" data-element_type=\"container\">\n\t\t\t\t\t<div class=\"e-con-inner\">\n\t\t<div class=\"elementor-element elementor-element-07fb3be e-con-full e-flex e-con e-child\" data-id=\"07fb3be\" data-element_type=\"container\">\n\t\t\t\t<div class=\"elementor-element elementor-element-319e88f elementor-widget elementor-widget-heading\" data-id=\"319e88f\" data-element_type=\"widget\" data-widget_type=\"heading.default\">\n\t\t\t\t<div class=\"elementor-widget-container\">\n\t\t\t<h2 class=\"elementor-heading-title elementor-size-default\">OM OSS<\/h2>\t\t<\/div>\n\t\t\t\t<\/div>\n\t\t\t\t<div class=\"elementor-element elementor-element-965aac2 elementor-widget elementor-widget-text-editor\" data-id=\"965aac2\" data-element_type=\"widget\" data-widget_type=\"text-editor.default\">\n\t\t\t\t<div class=\"elementor-widget-container\">\n\t\t\t\t\t\t\t<p>\u00c4ntligen \u00e4r det dags att bjuda in de allra minsta till revyns underbara v\u00e4rld! Kom och upplev en helt nyskriven, skojig och musikalisk revy f\u00f6r barn i h\u00f6st med Anna Carlsson och Daniel Tr\u00e4ff och vid pianot Emelie Alm.<\/p>\t\t\t\t\t\t<\/div>\n\t\t\t\t<\/div>\n\t\t\t\t<\/div>\n\t\t<div class=\"elementor-element elementor-element-f418586 e-con-full e-flex e-con e-child\" data-id=\"f418586\" data-element_type=\"container\">\n\t\t\t\t<div class=\"elementor-element elementor-element-83dc979 elementor-widget elementor-widget-image\" data-id=\"83dc979\" data-element_type=\"widget\" data-widget_type=\"image.default\">\n\t\t\t\t<div class=\"elementor-widget-container\">\n\t\t\t\t\t\t\t\t\t\t\t\t\t<img decoding=\"async\" width=\"800\" height=\"534\" src=\"https:\/\/falkenbarnsrevyn.se\/wp-content\/uploads\/2024\/05\/1B5A6695-1024x683.jpg\" class=\"attachment-large size-large wp-image-486\" alt=\"\" srcset=\"https:\/\/falkenbarnsrevyn.se\/wp-content\/uploads\/2024\/05\/1B5A6695-1024x683.jpg 1024w, https:\/\/falkenbarnsrevyn.se\/wp-content\/uploads\/2024\/05\/1B5A6695-300x200.jpg 300w, https:\/\/falkenbarnsrevyn.se\/wp-content\/uploads\/2024\/05\/1B5A6695-768x512.jpg 768w, https:\/\/falkenbarnsrevyn.se\/wp-content\/uploads\/2024\/05\/1B5A6695-1536x1024.jpg 1536w, https:\/\/falkenbarnsrevyn.se\/wp-content\/uploads\/2024\/05\/1B5A6695.jpg 2048w\" sizes=\"(max-width: 800px) 100vw, 800px\" \/>\t\t\t\t\t\t\t\t\t\t\t\t\t<\/div>\n\t\t\t\t<\/div>\n\t\t\t\t<\/div>\n\t\t\t\t\t<\/div>\n\t\t\t\t<\/div>\n\t\t<div class=\"elementor-element elementor-element-f194a3a e-flex e-con-boxed e-con e-parent\" data-id=\"f194a3a\" data-element_type=\"container\">\n\t\t\t\t\t<div class=\"e-con-inner\">\n\t\t<div class=\"elementor-element elementor-element-a57ca6e e-con-full e-flex e-con e-child\" data-id=\"a57ca6e\" data-element_type=\"container\">\n\t\t\t\t<div class=\"elementor-element elementor-element-3d7e691 elementor-widget elementor-widget-image\" data-id=\"3d7e691\" data-element_type=\"widget\" data-widget_type=\"image.default\">\n\t\t\t\t<div class=\"elementor-widget-container\">\n\t\t\t\t\t\t\t\t\t\t\t\t\t<img decoding=\"async\" width=\"800\" height=\"534\" src=\"https:\/\/falkenbarnsrevyn.se\/wp-content\/uploads\/2024\/05\/1B5A6215-1024x683.jpg\" class=\"attachment-large size-large wp-image-487\" alt=\"\" srcset=\"https:\/\/falkenbarnsrevyn.se\/wp-content\/uploads\/2024\/05\/1B5A6215-1024x683.jpg 1024w, https:\/\/falkenbarnsrevyn.se\/wp-content\/uploads\/2024\/05\/1B5A6215-300x200.jpg 300w, https:\/\/falkenbarnsrevyn.se\/wp-content\/uploads\/2024\/05\/1B5A6215-768x512.jpg 768w, https:\/\/falkenbarnsrevyn.se\/wp-content\/uploads\/2024\/05\/1B5A6215-1536x1024.jpg 1536w, https:\/\/falkenbarnsrevyn.se\/wp-content\/uploads\/2024\/05\/1B5A6215.jpg 2048w\" sizes=\"(max-width: 800px) 100vw, 800px\" \/>\t\t\t\t\t\t\t\t\t\t\t\t\t<\/div>\n\t\t\t\t<\/div>\n\t\t\t\t<\/div>\n\t\t<div class=\"elementor-element elementor-element-273ab40 e-con-full e-flex e-con e-child\" data-id=\"273ab40\" data-element_type=\"container\">\n\t\t\t\t<div class=\"elementor-element elementor-element-58a235c elementor-widget elementor-widget-image\" data-id=\"58a235c\" data-element_type=\"widget\" data-widget_type=\"image.default\">\n\t\t\t\t<div class=\"elementor-widget-container\">\n\t\t\t\t\t\t\t\t\t\t\t\t\t<img loading=\"lazy\" decoding=\"async\" width=\"800\" height=\"534\" src=\"https:\/\/falkenbarnsrevyn.se\/wp-content\/uploads\/2024\/02\/20231228_Falkenbergsrevyn-med-FalkenBARNSrevyn_Glenn-T-Unger__L9I6444-1024x683.jpg\" class=\"attachment-large size-large wp-image-27\" alt=\"\" srcset=\"https:\/\/falkenbarnsrevyn.se\/wp-content\/uploads\/2024\/02\/20231228_Falkenbergsrevyn-med-FalkenBARNSrevyn_Glenn-T-Unger__L9I6444-1024x683.jpg 1024w, https:\/\/falkenbarnsrevyn.se\/wp-content\/uploads\/2024\/02\/20231228_Falkenbergsrevyn-med-FalkenBARNSrevyn_Glenn-T-Unger__L9I6444-300x200.jpg 300w, https:\/\/falkenbarnsrevyn.se\/wp-content\/uploads\/2024\/02\/20231228_Falkenbergsrevyn-med-FalkenBARNSrevyn_Glenn-T-Unger__L9I6444-768x512.jpg 768w, https:\/\/falkenbarnsrevyn.se\/wp-content\/uploads\/2024\/02\/20231228_Falkenbergsrevyn-med-FalkenBARNSrevyn_Glenn-T-Unger__L9I6444-1536x1024.jpg 1536w, https:\/\/falkenbarnsrevyn.se\/wp-content\/uploads\/2024\/02\/20231228_Falkenbergsrevyn-med-FalkenBARNSrevyn_Glenn-T-Unger__L9I6444-2048x1365.jpg 2048w\" sizes=\"(max-width: 800px) 100vw, 800px\" \/>\t\t\t\t\t\t\t\t\t\t\t\t\t<\/div>\n\t\t\t\t<\/div>\n\t\t\t\t<\/div>\n\t\t\t\t\t<\/div>\n\t\t\t\t<\/div>\n\t\t<div class=\"elementor-element elementor-element-4bb020f e-flex e-con-boxed e-con e-parent\" data-id=\"4bb020f\" data-element_type=\"container\">\n\t\t\t\t\t<div class=\"e-con-inner\">\n\t\t\t\t<div class=\"elementor-element elementor-element-fb51a51 elementor-widget elementor-widget-spacer\" data-id=\"fb51a51\" data-element_type=\"widget\" id=\"FORESTALLNINGAR\" data-widget_type=\"spacer.default\">\n\t\t\t\t<div class=\"elementor-widget-container\">\n\t\t\t\t\t<div class=\"elementor-spacer\">\n\t\t\t<div class=\"elementor-spacer-inner\"><\/div>\n\t\t<\/div>\n\t\t\t\t<\/div>\n\t\t\t\t<\/div>\n\t\t\t\t\t<\/div>\n\t\t\t\t<\/div>\n\t\t<div class=\"elementor-element elementor-element-2da1a0c e-flex e-con-boxed e-con e-parent\" data-id=\"2da1a0c\" data-element_type=\"container\">\n\t\t\t\t\t<div class=\"e-con-inner\">\n\t\t<div class=\"elementor-element elementor-element-9170860 e-con-full e-flex e-con e-child\" data-id=\"9170860\" data-element_type=\"container\">\n\t\t\t\t<div class=\"elementor-element elementor-element-bcb8c97 elementor-widget elementor-widget-heading\" data-id=\"bcb8c97\" data-element_type=\"widget\" data-widget_type=\"heading.default\">\n\t\t\t\t<div class=\"elementor-widget-container\">\n\t\t\t<h2 class=\"elementor-heading-title elementor-size-default\">F\u00d6REST\u00c4LLNINGAR<\/h2>\t\t<\/div>\n\t\t\t\t<\/div>\n\t\t\t\t<div class=\"elementor-element elementor-element-4b64e1e elementor-widget elementor-widget-text-editor\" data-id=\"4b64e1e\" data-element_type=\"widget\" data-widget_type=\"text-editor.default\">\n\t\t\t\t<div class=\"elementor-widget-container\">\n\t\t\t\t\t\t\t<p>L\u00f6rdag 26\/10 kl. 14.00<br \/>Onsdag 30\/10 kl. 14.00<br \/>Torsdag 31\/10 kl. 14.00<br \/>L\u00f6rdag 2\/11 kl. 14.00<\/p>\t\t\t\t\t\t<\/div>\n\t\t\t\t<\/div>\n\t\t\t\t<\/div>\n\t\t<div class=\"elementor-element elementor-element-abe90c2 e-con-full e-flex e-con e-child\" data-id=\"abe90c2\" data-element_type=\"container\">\n\t\t\t\t<div class=\"elementor-element elementor-element-2c784bc elementor-button-success elementor-align-center elementor-widget elementor-widget-button\" data-id=\"2c784bc\" data-element_type=\"widget\" data-widget_type=\"button.default\">\n\t\t\t\t<div class=\"elementor-widget-container\">\n\t\t\t\t\t<div class=\"elementor-button-wrapper\">\n\t\t\t<a class=\"elementor-button elementor-button-link elementor-size-sm elementor-animation-pulse\" href=\"https:\/\/secure.tickster.com\/sv\/r77l5v734yg7mw4\/selectevent\">\n\t\t\t\t\t\t<span class=\"elementor-button-content-wrapper\">\n\t\t\t\t\t\t\t\t\t<span class=\"elementor-button-text\">BOKA ERA BILJETTER H\u00c4R!<\/span>\n\t\t\t\t\t<\/span>\n\t\t\t\t\t<\/a>\n\t\t<\/div>\n\t\t\t\t<\/div>\n\t\t\t\t<\/div>\n\t\t\t\t<\/div>\n\t\t<div class=\"elementor-element elementor-element-1f19104 e-con-full e-flex e-con e-child\" data-id=\"1f19104\" data-element_type=\"container\">\n\t\t\t\t<div class=\"elementor-element elementor-element-51ad0aa elementor-widget elementor-widget-heading\" data-id=\"51ad0aa\" data-element_type=\"widget\" data-widget_type=\"heading.default\">\n\t\t\t\t<div class=\"elementor-widget-container\">\n\t\t\t<h2 class=\"elementor-heading-title elementor-size-default\">SPELPLATS<\/h2>\t\t<\/div>\n\t\t\t\t<\/div>\n\t\t\t\t<div class=\"elementor-element elementor-element-a1a1beb elementor-widget elementor-widget-image\" data-id=\"a1a1beb\" data-element_type=\"widget\" data-widget_type=\"image.default\">\n\t\t\t\t<div class=\"elementor-widget-container\">\n\t\t\t\t\t\t\t\t\t\t\t\t\t<img loading=\"lazy\" decoding=\"async\" width=\"800\" height=\"247\" src=\"https:\/\/falkenbarnsrevyn.se\/wp-content\/uploads\/2024\/04\/Falkenbergs-Stadsteater-logo-1024x316.png\" class=\"attachment-large size-large wp-image-420\" alt=\"\" srcset=\"https:\/\/falkenbarnsrevyn.se\/wp-content\/uploads\/2024\/04\/Falkenbergs-Stadsteater-logo-1024x316.png 1024w, https:\/\/falkenbarnsrevyn.se\/wp-content\/uploads\/2024\/04\/Falkenbergs-Stadsteater-logo-300x93.png 300w, https:\/\/falkenbarnsrevyn.se\/wp-content\/uploads\/2024\/04\/Falkenbergs-Stadsteater-logo-768x237.png 768w, https:\/\/falkenbarnsrevyn.se\/wp-content\/uploads\/2024\/04\/Falkenbergs-Stadsteater-logo.png 1500w\" sizes=\"(max-width: 800px) 100vw, 800px\" \/>\t\t\t\t\t\t\t\t\t\t\t\t\t<\/div>\n\t\t\t\t<\/div>\n\t\t\t\t<\/div>\n\t\t\t\t\t<\/div>\n\t\t\t\t<\/div>\n\t\t<div class=\"elementor-element elementor-element-8a6c492 e-flex e-con-boxed e-con e-parent\" data-id=\"8a6c492\" data-element_type=\"container\">\n\t\t\t\t\t<div class=\"e-con-inner\">\n\t\t\t\t<div class=\"elementor-element elementor-element-bc71b94 elementor-widget elementor-widget-spacer\" data-id=\"bc71b94\" data-element_type=\"widget\" id=\"KONTAKT\" data-widget_type=\"spacer.default\">\n\t\t\t\t<div class=\"elementor-widget-container\">\n\t\t\t\t\t<div class=\"elementor-spacer\">\n\t\t\t<div class=\"elementor-spacer-inner\"><\/div>\n\t\t<\/div>\n\t\t\t\t<\/div>\n\t\t\t\t<\/div>\n\t\t\t\t\t<\/div>\n\t\t\t\t<\/div>\n\t\t\t\t<\/div>\n\t\t","protected":false},"excerpt":{"rendered":"<p>vi spelar barnrevy hela h\u00f6stlovet! \u00c4ntligen \u00e4r det dags att bjuda in de allra minsta till revyns underbara v\u00e4rld! Kom och upplev en helt nyskriven, skojig och musikalisk revy f\u00f6r barn i h\u00f6st med Anna &amp; Daniel och vid pianot Emelie.\u00a0Ta med dina barn eller barnbarn p\u00e5 en rolig timme p\u00e5 h\u00f6stlovet fylld av s\u00e5nger, humor och klurigheter som engagerar &#8211; barnsligt kul. Genom ett samarbete med ICA Kvantum i Falkenberg har vi m\u00f6jlighet att erbjuda en hundring i rabatt till deras kunder till f\u00f6rest\u00e4llningarna den 26:e, 30:e, 31\/10 och 2\/11. B\u00e4st platser\u00a0finns det p\u00e5 l\u00f6rdagarna den 26\/10 och 2\/11. Biljetterna med ICA-rabatt s\u00e4ljs f\u00f6r\u00a0125 kronor\/st\u00a0och rabatten dras av n\u00e4r ni l\u00e4gger in rabattkoden som ni som\u00a0ICA-kunder\u00a0f\u00e5tt via mail.\u00a0Ni kan \u00e4ven ringa biljettkontoret dagtid p\u00e5 tel. 0346-170 49.\u00a0 Ni kan l\u00e4sa mer om barnrevyn och boka biljetter h\u00e4r p\u00e5 v\u00e5r hemsida. Alla i publiken beh\u00f6ver en biljett \u00e4ven de som&hellip;<\/p>\n<p> <a class=\"more-link\" href=\"https:\/\/falkenbarnsrevyn.se\/\">L\u00e4s mer<\/a><\/p>\n","protected":false},"author":1,"featured_media":0,"parent":0,"menu_order":0,"comment_status":"closed","ping_status":"closed","template":"","meta":{"footnotes":""},"class_list":["post-191","page","type-page","status-publish"],"_links":{"self":[{"href":"https:\/\/falkenbarnsrevyn.se\/index.php?rest_route=\/wp\/v2\/pages\/191","targetHints":{"allow":["GET"]}}],"collection":[{"href":"https:\/\/falkenbarnsrevyn.se\/index.php?rest_route=\/wp\/v2\/pages"}],"about":[{"href":"https:\/\/falkenbarnsrevyn.se\/index.php?rest_route=\/wp\/v2\/types\/page"}],"author":[{"embeddable":true,"href":"https:\/\/falkenbarnsrevyn.se\/index.php?rest_route=\/wp\/v2\/users\/1"}],"replies":[{"embeddable":true,"href":"https:\/\/falkenbarnsrevyn.se\/index.php?rest_route=%2Fwp%2Fv2%2Fcomments&post=191"}],"version-history":[{"count":298,"href":"https:\/\/falkenbarnsrevyn.se\/index.php?rest_route=\/wp\/v2\/pages\/191\/revisions"}],"predecessor-version":[{"id":586,"href":"https:\/\/falkenbarnsrevyn.se\/index.php?rest_route=\/wp\/v2\/pages\/191\/revisions\/586"}],"wp:attachment":[{"href":"https:\/\/falkenbarnsrevyn.se\/index.php?rest_route=%2Fwp%2Fv2%2Fmedia&parent=191"}],"curies":[{"name":"wp","href":"https:\/\/api.w.org\/{rel}","templated":true}]}}